{"id":2086,"date":"2018-04-29T00:44:14","date_gmt":"2018-04-29T00:44:14","guid":{"rendered":"https:\/\/dentist-zahnarzt-mallorca.eu\/dsgvo-politica-de-privacidad\/"},"modified":"2023-02-26T15:25:30","modified_gmt":"2023-02-26T15:25:30","slug":"dsgvo-politica-de-privacidad","status":"publish","type":"page","link":"https:\/\/dentist-zahnarzt-mallorca.eu\/es\/dsgvo-politica-de-privacidad\/","title":{"rendered":"DSGVO\/ Pol\u00edtica de privacidad"},"content":{"rendered":"<p>El organismo responsable en el sentido de la legislaci\u00f3n sobre protecci\u00f3n de datos es:<br \/>\nDra. Annette Christine McKenzie<\/p>\n<h2>Cifrado SSL<\/h2>\n<p>Para proteger la seguridad de sus datos durante la transmisi\u00f3n, utilizamos m\u00e9todos de cifrado de \u00faltima generaci\u00f3n (por ejemplo, SSL) a trav\u00e9s de HTTPS.<\/p>\n<h2>\n<div class=\"wpcf7 no-js\" id=\"wpcf7-f229-o1\" lang=\"de-DE\" dir=\"ltr\">\n<div class=\"screen-reader-response\"><p role=\"status\" aria-live=\"polite\" aria-atomic=\"true\"><\/p> <ul><\/ul><\/div>\n<form action=\"\/es\/wp-json\/wp\/v2\/pages\/2086#wpcf7-f229-o1\" method=\"post\" class=\"wpcf7-form init\" aria-label=\"Kontaktformular\" novalidate=\"novalidate\" data-status=\"init\">\n<div style=\"display: none;\">\n<input type=\"hidden\" name=\"_wpcf7\" value=\"229\" \/>\n<input type=\"hidden\" name=\"_wpcf7_version\" value=\"5.7.7\" \/>\n<input type=\"hidden\" name=\"_wpcf7_locale\" value=\"de_DE\" \/>\n<input type=\"hidden\" name=\"_wpcf7_unit_tag\" value=\"wpcf7-f229-o1\" \/>\n<input type=\"hidden\" name=\"_wpcf7_container_post\" value=\"0\" \/>\n<input type=\"hidden\" name=\"_wpcf7_posted_data_hash\" value=\"\" \/>\n<input type=\"hidden\" name=\"_wpcf7_recaptcha_response\" value=\"\" \/>\n<\/div>\n<p><small>* obligatorio<\/small>\n<\/p>\n<p>* Nombre\n<\/p>\n<p><span class=\"wpcf7-form-control-wrap\" data-name=\"your-name\"><input size=\"40\" class=\"wpcf7-form-control wpcf7-text wpcf7-validates-as-required\" aria-required=\"true\" aria-invalid=\"false\" value=\"\" type=\"text\" name=\"your-name\" \/><\/span>\n<\/p>\n<p>* Correo electronico\n<\/p>\n<p><span class=\"wpcf7-form-control-wrap\" data-name=\"your-email\"><input size=\"40\" class=\"wpcf7-form-control wpcf7-text wpcf7-email wpcf7-validates-as-required wpcf7-validates-as-email\" aria-required=\"true\" aria-invalid=\"false\" value=\"\" type=\"email\" name=\"your-email\" \/><\/span>\n<\/p>\n<p>Tema\n<\/p>\n<p><span class=\"wpcf7-form-control-wrap\" data-name=\"menu\"><select class=\"wpcf7-form-control wpcf7-select\" aria-invalid=\"false\" name=\"menu\"><option value=\"\">&#8211; Bitte ausw\u00e4hlen &#8211;<\/option><option value=\"Gen\u00e9rico\">Gen\u00e9rico<\/option><option value=\"Limpieza dental\">Limpieza dental<\/option><option value=\"Profil\u00e1ctico\">Profil\u00e1ctico<\/option><option value=\"Nombramiento adicional\">Nombramiento adicional<\/option><option value=\"Otros\">Otros<\/option><option value=\"Pruebas COVID-19  Antigeno\">Pruebas COVID-19  Antigeno<\/option><\/select><\/span>\n<\/p>\n<p>* Mensaje\n<\/p>\n<p><span class=\"wpcf7-form-control-wrap\" data-name=\"your-message\"><textarea cols=\"40\" rows=\"10\" class=\"wpcf7-form-control wpcf7-textarea wpcf7-validates-as-required\" aria-required=\"true\" aria-invalid=\"false\" name=\"your-message\"><\/textarea><\/span>\n<\/p>\n<p><span class=\"wpcf7-form-control-wrap\" data-name=\"acceptance-62\"><span class=\"wpcf7-form-control wpcf7-acceptance\"><span class=\"wpcf7-list-item\"><label><input type=\"checkbox\" name=\"acceptance-62\" value=\"1\" aria-invalid=\"false\" \/><span class=\"wpcf7-list-item-label\"><a href=\"\/dsgvo-datenschutzerklaerung\/\" target=\"blank\">Pol\u00edtica de privacidad aceptada<\/a><\/span><\/label><\/span><\/span><\/span>\n<\/p>\n<p><input class=\"wpcf7-form-control has-spinner wpcf7-submit\" type=\"submit\" value=\"Enviar\" \/>\n<\/p><div class=\"wpcf7-response-output\" aria-hidden=\"true\"><\/div>\n<\/form>\n<\/div>\n<\/h2>\n<p>Si se pone en contacto con nosotros por correo electr\u00f3nico o formulario de contacto, la informaci\u00f3n que nos proporcione se almacenar\u00e1 con el fin de procesar la consulta y para posibles preguntas de seguimiento.<\/p>\n<h2>Supresi\u00f3n o bloqueo de datos<\/h2>\n<p>Nos adherimos a los principios de evitaci\u00f3n y econom\u00eda de datos. Por lo tanto, s\u00f3lo almacenamos sus datos personales durante el tiempo necesario para alcanzar los fines aqu\u00ed indicados o seg\u00fan lo estipulado por los distintos periodos de almacenamiento previstos por la ley. Una vez que la finalidad respectiva ha dejado de existir o han expirado estos plazos, los datos correspondientes se bloquean o suprimen de forma rutinaria de conformidad con las disposiciones legales.<\/p>\n<h2>Uso de bibliotecas de scripts (Google Web Fonts)<\/h2>\n<p>Para mostrar nuestro contenido de forma correcta y gr\u00e1ficamente atractiva en todos los navegadores, en este sitio web utilizamos bibliotecas de scripts y bibliotecas de fuentes como Google Web Fonts<a href=\"http:\/\/www.google.com\/webfonts\/\">(https:\/\/www.google.com\/webfonts\/)<\/a>. Las Google Web Fonts se transfieren a la cach\u00e9 de tu navegador para evitar cargas m\u00faltiples. Si el navegador no admite Google Web Fonts o impide el acceso, el contenido se muestra en una fuente est\u00e1ndar.<\/p>\n<p>La llamada a bibliotecas de scripts o de fuentes desencadena autom\u00e1ticamente una conexi\u00f3n con el operador de la biblioteca. Es te\u00f3ricamente posible -aunque actualmente no est\u00e1 claro si lo es y con qu\u00e9 fines- que los operadores de dichas bibliotecas recopilen datos.<\/p>\n<p>La pol\u00edtica de privacidad del operador de la biblioteca Google puede consultarse aqu\u00ed: <a href=\"https:\/\/www.google.com\/policies\/privacy\/\">https:\/\/www.google.com\/policies\/privacy\/<\/a><\/p>\n<h2>Uso de Google Maps<\/h2>\n<p>Este sitio web utiliza la API de Google Maps para mostrar visualmente informaci\u00f3n geogr\u00e1fica. Al utilizar Google Maps, Google tambi\u00e9n recopila, procesa y utiliza datos sobre el uso de las funciones de mapas por parte de los visitantes. Encontrar\u00e1 m\u00e1s informaci\u00f3n sobre el tratamiento de datos por parte de Google en <a href=\"http:\/\/www.google.com\/privacypolicy.html\">la<\/a> pol\u00edtica de privacidad <a href=\"http:\/\/www.google.com\/privacypolicy.html\">de Google<\/a>. All\u00ed tambi\u00e9n puede cambiar la configuraci\u00f3n de protecci\u00f3n de sus datos personales en el centro de protecci\u00f3n de datos.<\/p>\n<p>Encontrar\u00e1 instrucciones detalladas sobre c\u00f3mo gestionar sus propios datos en relaci\u00f3n con los productos de Google<a href=\"http:\/\/www.dataliberation.org\/\"> aqu\u00ed<\/a>.<\/p>\n<h2><strong>Sus derechos de informaci\u00f3n, rectificaci\u00f3n, bloqueo, supresi\u00f3n y oposici\u00f3n<\/strong><\/h2>\n<p>Tiene derecho a obtener informaci\u00f3n sobre sus datos personales almacenados por nosotros en cualquier momento. Tambi\u00e9n tiene derecho a que sus datos personales se corrijan, bloqueen o, aparte del almacenamiento obligatorio de datos para el tratamiento comercial, se supriman. Para ello, p\u00f3ngase en contacto con nuestro responsable de protecci\u00f3n de datos. Encontrar\u00e1 los datos de contacto en la parte inferior.<\/p>\n<p>Para garantizar que un bloqueo de datos pueda tenerse en cuenta en cualquier momento, estos datos deben conservarse en un fichero de bloqueo a efectos de control. Tambi\u00e9n puede solicitar la supresi\u00f3n de los datos en la medida en que no exista obligaci\u00f3n legal de archivarlos. En la medida en que exista tal obligaci\u00f3n, bloquearemos sus datos previa solicitud.<\/p>\n<p>Puede realizar cambios o retirar su consentimiento notific\u00e1ndonoslo con efecto para el futuro.<\/p>\n<h2><strong>Modificaci\u00f3n de nuestra pol\u00edtica de privacidad<\/strong><\/h2>\n<p>Nos reservamos el derecho a modificar esta declaraci\u00f3n de protecci\u00f3n de datos de vez en cuando para que siempre cumpla con los requisitos legales vigentes o para implementar cambios en nuestros servicios en la declaraci\u00f3n de protecci\u00f3n de datos, por ejemplo, al introducir nuevos servicios. La nueva pol\u00edtica de privacidad se aplicar\u00e1 a su pr\u00f3xima visita.<\/p>\n<h2><strong>Preguntas al responsable de la protecci\u00f3n de datos<\/strong><\/h2>\n<p>Si tiene alguna pregunta sobre la protecci\u00f3n de datos, escr\u00edbanos un correo electr\u00f3nico o p\u00f3ngase en contacto directamente con nuestro responsable de protecci\u00f3n de datos:<\/p>\n<p>Dra. Annette Christine McKenzie<\/p>\n<p>Carrer dels Pins 8<\/p>\n<p>07410 Puerto de Alcudia<\/p>\n<p>Tel\u00e9fono: +34 971 89 70 60<\/p>\n<p>Fax:+34 971 89 70 62<\/p>\n<p>Illes Balears, Mallorca<\/p>\n<p>info@dentist-zahnarzt-mallorca.eu<\/p>\n","protected":false},"excerpt":{"rendered":"<p>El organismo responsable en el sentido de la legislaci\u00f3n sobre protecci\u00f3n de datos es: Dra. Annette Christine McKenzie Cifrado SSL Para proteger la seguridad de sus datos durante la transmisi\u00f3n, utilizamos m\u00e9todos de cifrado de \u00faltima generaci\u00f3n (por ejemplo, SSL) a trav\u00e9s de HTTPS. Si se pone en contacto con nosotros por correo electr\u00f3nico o<\/p>\n","protected":false},"author":1,"featured_media":0,"parent":0,"menu_order":0,"comment_status":"closed","ping_status":"closed","template":"page-fullwidth.php","meta":[],"yoast_head":"<!-- This site is optimized with the Yoast SEO plugin v20.9 - https:\/\/yoast.com\/wordpress\/plugins\/seo\/ -->\n<title>DSGVO\/ Pol\u00edtica de privacidad - Zahnarztpraxis Holistic Dentistry Mallorca<\/title>\n<meta name=\"robots\" content=\"index, follow, max-snippet:-1, max-image-preview:large, max-video-preview:-1\" \/>\n<link rel=\"canonical\" href=\"https:\/\/dentist-zahnarzt-mallorca.eu\/es\/dsgvo-politica-de-privacidad\/\" \/>\n<meta property=\"og:locale\" content=\"es_ES\" \/>\n<meta property=\"og:type\" content=\"article\" \/>\n<meta property=\"og:title\" content=\"DSGVO\/ Pol\u00edtica de privacidad - Zahnarztpraxis Holistic Dentistry Mallorca\" \/>\n<meta property=\"og:description\" content=\"El organismo responsable en el sentido de la legislaci\u00f3n sobre protecci\u00f3n de datos es: Dra. Annette Christine McKenzie Cifrado SSL Para proteger la seguridad de sus datos durante la transmisi\u00f3n, utilizamos m\u00e9todos de cifrado de \u00faltima generaci\u00f3n (por ejemplo, SSL) a trav\u00e9s de HTTPS. Si se pone en contacto con nosotros por correo electr\u00f3nico o\" \/>\n<meta property=\"og:url\" content=\"https:\/\/dentist-zahnarzt-mallorca.eu\/es\/dsgvo-politica-de-privacidad\/\" \/>\n<meta property=\"og:site_name\" content=\"Zahnarztpraxis Holistic Dentistry Mallorca\" \/>\n<meta property=\"article:modified_time\" content=\"2023-02-26T15:25:30+00:00\" \/>\n<meta name=\"twitter:card\" content=\"summary_large_image\" \/>\n<meta name=\"twitter:label1\" content=\"Tiempo de lectura\" \/>\n\t<meta name=\"twitter:data1\" content=\"4 minutos\" \/>\n<script type=\"application\/ld+json\" class=\"yoast-schema-graph\">{\"@context\":\"https:\/\/schema.org\",\"@graph\":[{\"@type\":\"WebPage\",\"@id\":\"https:\/\/dentist-zahnarzt-mallorca.eu\/es\/dsgvo-politica-de-privacidad\/\",\"url\":\"https:\/\/dentist-zahnarzt-mallorca.eu\/es\/dsgvo-politica-de-privacidad\/\",\"name\":\"DSGVO\/ Pol\u00edtica de privacidad - Zahnarztpraxis Holistic Dentistry Mallorca\",\"isPartOf\":{\"@id\":\"https:\/\/dentist-zahnarzt-mallorca.eu\/#website\"},\"datePublished\":\"2018-04-29T00:44:14+00:00\",\"dateModified\":\"2023-02-26T15:25:30+00:00\",\"breadcrumb\":{\"@id\":\"https:\/\/dentist-zahnarzt-mallorca.eu\/es\/dsgvo-politica-de-privacidad\/#breadcrumb\"},\"inLanguage\":\"es\",\"potentialAction\":[{\"@type\":\"ReadAction\",\"target\":[\"https:\/\/dentist-zahnarzt-mallorca.eu\/es\/dsgvo-politica-de-privacidad\/\"]}]},{\"@type\":\"BreadcrumbList\",\"@id\":\"https:\/\/dentist-zahnarzt-mallorca.eu\/es\/dsgvo-politica-de-privacidad\/#breadcrumb\",\"itemListElement\":[{\"@type\":\"ListItem\",\"position\":1,\"name\":\"Startseite\",\"item\":\"https:\/\/dentist-zahnarzt-mallorca.eu\/\"},{\"@type\":\"ListItem\",\"position\":2,\"name\":\"DSGVO\/ Pol\u00edtica de privacidad\"}]},{\"@type\":\"WebSite\",\"@id\":\"https:\/\/dentist-zahnarzt-mallorca.eu\/#website\",\"url\":\"https:\/\/dentist-zahnarzt-mallorca.eu\/\",\"name\":\"Zahnarztpraxis Holistic Dentistry Mallorca\",\"description\":\"Clinica Dental Mallorca\",\"publisher\":{\"@id\":\"https:\/\/dentist-zahnarzt-mallorca.eu\/#organization\"},\"potentialAction\":[{\"@type\":\"SearchAction\",\"target\":{\"@type\":\"EntryPoint\",\"urlTemplate\":\"https:\/\/dentist-zahnarzt-mallorca.eu\/?s={search_term_string}\"},\"query-input\":\"required name=search_term_string\"}],\"inLanguage\":\"es\"},{\"@type\":\"Organization\",\"@id\":\"https:\/\/dentist-zahnarzt-mallorca.eu\/#organization\",\"name\":\"Zahnarztpraxis Holistic Dentistry Mallorca\",\"url\":\"https:\/\/dentist-zahnarzt-mallorca.eu\/\",\"logo\":{\"@type\":\"ImageObject\",\"inLanguage\":\"es\",\"@id\":\"https:\/\/dentist-zahnarzt-mallorca.eu\/#\/schema\/logo\/image\/\",\"url\":\"https:\/\/dentist-zahnarzt-mallorca.eu\/wp-content\/uploads\/2023\/02\/apple-touch-icon.png\",\"contentUrl\":\"https:\/\/dentist-zahnarzt-mallorca.eu\/wp-content\/uploads\/2023\/02\/apple-touch-icon.png\",\"width\":180,\"height\":180,\"caption\":\"Zahnarztpraxis Holistic Dentistry Mallorca\"},\"image\":{\"@id\":\"https:\/\/dentist-zahnarzt-mallorca.eu\/#\/schema\/logo\/image\/\"}}]}<\/script>\n<!-- \/ Yoast SEO plugin. -->","yoast_head_json":{"title":"DSGVO\/ Pol\u00edtica de privacidad - Zahnarztpraxis Holistic Dentistry Mallorca","robots":{"index":"index","follow":"follow","max-snippet":"max-snippet:-1","max-image-preview":"max-image-preview:large","max-video-preview":"max-video-preview:-1"},"canonical":"https:\/\/dentist-zahnarzt-mallorca.eu\/es\/dsgvo-politica-de-privacidad\/","og_locale":"es_ES","og_type":"article","og_title":"DSGVO\/ Pol\u00edtica de privacidad - Zahnarztpraxis Holistic Dentistry Mallorca","og_description":"El organismo responsable en el sentido de la legislaci\u00f3n sobre protecci\u00f3n de datos es: Dra. Annette Christine McKenzie Cifrado SSL Para proteger la seguridad de sus datos durante la transmisi\u00f3n, utilizamos m\u00e9todos de cifrado de \u00faltima generaci\u00f3n (por ejemplo, SSL) a trav\u00e9s de HTTPS. Si se pone en contacto con nosotros por correo electr\u00f3nico o","og_url":"https:\/\/dentist-zahnarzt-mallorca.eu\/es\/dsgvo-politica-de-privacidad\/","og_site_name":"Zahnarztpraxis Holistic Dentistry Mallorca","article_modified_time":"2023-02-26T15:25:30+00:00","twitter_card":"summary_large_image","twitter_misc":{"Tiempo de lectura":"4 minutos"},"schema":{"@context":"https:\/\/schema.org","@graph":[{"@type":"WebPage","@id":"https:\/\/dentist-zahnarzt-mallorca.eu\/es\/dsgvo-politica-de-privacidad\/","url":"https:\/\/dentist-zahnarzt-mallorca.eu\/es\/dsgvo-politica-de-privacidad\/","name":"DSGVO\/ Pol\u00edtica de privacidad - Zahnarztpraxis Holistic Dentistry Mallorca","isPartOf":{"@id":"https:\/\/dentist-zahnarzt-mallorca.eu\/#website"},"datePublished":"2018-04-29T00:44:14+00:00","dateModified":"2023-02-26T15:25:30+00:00","breadcrumb":{"@id":"https:\/\/dentist-zahnarzt-mallorca.eu\/es\/dsgvo-politica-de-privacidad\/#breadcrumb"},"inLanguage":"es","potentialAction":[{"@type":"ReadAction","target":["https:\/\/dentist-zahnarzt-mallorca.eu\/es\/dsgvo-politica-de-privacidad\/"]}]},{"@type":"BreadcrumbList","@id":"https:\/\/dentist-zahnarzt-mallorca.eu\/es\/dsgvo-politica-de-privacidad\/#breadcrumb","itemListElement":[{"@type":"ListItem","position":1,"name":"Startseite","item":"https:\/\/dentist-zahnarzt-mallorca.eu\/"},{"@type":"ListItem","position":2,"name":"DSGVO\/ Pol\u00edtica de privacidad"}]},{"@type":"WebSite","@id":"https:\/\/dentist-zahnarzt-mallorca.eu\/#website","url":"https:\/\/dentist-zahnarzt-mallorca.eu\/","name":"Zahnarztpraxis Holistic Dentistry Mallorca","description":"Clinica Dental Mallorca","publisher":{"@id":"https:\/\/dentist-zahnarzt-mallorca.eu\/#organization"},"potentialAction":[{"@type":"SearchAction","target":{"@type":"EntryPoint","urlTemplate":"https:\/\/dentist-zahnarzt-mallorca.eu\/?s={search_term_string}"},"query-input":"required name=search_term_string"}],"inLanguage":"es"},{"@type":"Organization","@id":"https:\/\/dentist-zahnarzt-mallorca.eu\/#organization","name":"Zahnarztpraxis Holistic Dentistry Mallorca","url":"https:\/\/dentist-zahnarzt-mallorca.eu\/","logo":{"@type":"ImageObject","inLanguage":"es","@id":"https:\/\/dentist-zahnarzt-mallorca.eu\/#\/schema\/logo\/image\/","url":"https:\/\/dentist-zahnarzt-mallorca.eu\/wp-content\/uploads\/2023\/02\/apple-touch-icon.png","contentUrl":"https:\/\/dentist-zahnarzt-mallorca.eu\/wp-content\/uploads\/2023\/02\/apple-touch-icon.png","width":180,"height":180,"caption":"Zahnarztpraxis Holistic Dentistry Mallorca"},"image":{"@id":"https:\/\/dentist-zahnarzt-mallorca.eu\/#\/schema\/logo\/image\/"}}]}},"_links":{"self":[{"href":"https:\/\/dentist-zahnarzt-mallorca.eu\/es\/wp-json\/wp\/v2\/pages\/2086"}],"collection":[{"href":"https:\/\/dentist-zahnarzt-mallorca.eu\/es\/wp-json\/wp\/v2\/pages"}],"about":[{"href":"https:\/\/dentist-zahnarzt-mallorca.eu\/es\/wp-json\/wp\/v2\/types\/page"}],"author":[{"embeddable":true,"href":"https:\/\/dentist-zahnarzt-mallorca.eu\/es\/wp-json\/wp\/v2\/users\/1"}],"replies":[{"embeddable":true,"href":"https:\/\/dentist-zahnarzt-mallorca.eu\/es\/wp-json\/wp\/v2\/comments?post=2086"}],"version-history":[{"count":3,"href":"https:\/\/dentist-zahnarzt-mallorca.eu\/es\/wp-json\/wp\/v2\/pages\/2086\/revisions"}],"predecessor-version":[{"id":2263,"href":"https:\/\/dentist-zahnarzt-mallorca.eu\/es\/wp-json\/wp\/v2\/pages\/2086\/revisions\/2263"}],"wp:attachment":[{"href":"https:\/\/dentist-zahnarzt-mallorca.eu\/es\/wp-json\/wp\/v2\/media?parent=2086"}],"curies":[{"name":"wp","href":"https:\/\/api.w.org\/{rel}","templated":true}]}}